{"id":988111,"date":"2023-09-07T13:17:17","date_gmt":"2023-09-07T13:17:17","guid":{"rendered":"https:\/\/ummowater.com\/web\/asas-new\/?page_id=988111"},"modified":"2023-09-07T16:09:30","modified_gmt":"2023-09-07T16:09:30","slug":"key-projects-completed","status":"publish","type":"page","link":"https:\/\/almohileb.net\/eng\/key-projects-completed\/","title":{"rendered":"Key Projects Completed"},"content":{"rendered":"\t\t<div data-elementor-type=\"wp-page\" data-elementor-id=\"988111\" class=\"elementor elementor-988111\" data-elementor-post-type=\"page\">\n\t\t\t\t\t\t<section class=\"elementor-section elementor-top-section elementor-element elementor-element-6fdaf566 elementor-section-height-min-height elementor-section-stretched elementor-section-boxed elementor-section-height-default elementor-section-items-middle\" data-id=\"6fdaf566\" data-element_type=\"section\" id=\"page-header\" data-settings=\"{&quot;background_background&quot;:&quot;classic&quot;,&quot;stretch_section&quot;:&quot;section-stretched&quot;}\">\n\t\t\t\t\t\t<div class=\"elementor-container elementor-column-gap-default\">\n\t\t\t\t\t<div class=\"elementor-column elementor-col-100 elementor-top-column elementor-element elementor-element-47a95f2\" data-id=\"47a95f2\" data-element_type=\"column\">\n\t\t\t<div class=\"elementor-widget-wrap elementor-element-populated\">\n\t\t\t\t\t\t<div class=\"elementor-element elementor-element-b7f98e0 elementor-widget elementor-widget-heading\" data-id=\"b7f98e0\" data-element_type=\"widget\" data-widget_type=\"heading.default\">\n\t\t\t\t\t<h2 class=\"elementor-heading-title elementor-size-default\">Key Projects Completed<\/h2>\t\t\t\t<\/div>\n\t\t\t\t\t<\/div>\n\t\t<\/div>\n\t\t\t\t\t<\/div>\n\t\t<\/section>\n\t\t\t\t<section class=\"elementor-section elementor-top-section elementor-element elementor-element-b18eaa0 elementor-section-boxed elementor-section-height-default elementor-section-height-default\" data-id=\"b18eaa0\" data-element_type=\"section\">\n\t\t\t\t\t\t<div class=\"elementor-container elementor-column-gap-default\">\n\t\t\t\t\t<div class=\"elementor-column elementor-col-100 elementor-top-column elementor-element elementor-element-8c86f5e\" data-id=\"8c86f5e\" data-element_type=\"column\">\n\t\t\t<div class=\"elementor-widget-wrap elementor-element-populated\">\n\t\t\t\t\t\t<div class=\"elementor-element elementor-element-a79c41d elementor-widget elementor-widget-html\" data-id=\"a79c41d\" data-element_type=\"widget\" data-widget_type=\"html.default\">\n\t\t\t\t\t<div class=\"key-projects\">\r\n\r\n<div class=\"contractor\">\r\n<h3>CONTRACTOR<\/h3>\r\n<ul>\r\n<li>Rawabi Specialized Contracting<\/li>\r\n<li>Tamimi Global Co.<\/li>\r\n<li>M.M. Al-Harbi & Partners Co.<\/li>\r\n<li>Al-Ayuni Investment & Contracting Co.<\/li>\r\n<li>Al-Ayuni Investment & Contracting Co.<\/li>\r\n<li>Al-Ayuni Investment & Contracting Co.<\/li>\r\n<li>Multi Works Co. Ltd.<\/li>\r\n<li>Saudi Amana Contracting Co.<\/li>\r\n<li>AL Yamama Co.<\/li>\r\n<li>Cape RB Hilton<\/li>\r\n<li>China Huanqui Cont. & Eng. Corp. (HQC)<\/li>\r\n<li>HQC-NFCB<\/li>\r\n<li>Gulf Consilated Contractors Co.<\/li>\r\n<li>Larsen & Toubro Saudi Arabia \u2013 PT&D <\/li>\r\n<li>National Contracting Co. Ltd.<\/li>\r\n<li>TSK Co.<\/li>\r\n<li>Contraco Co.<\/li>\r\n<li>Mutlaq Al Ghowairi for Contracting LTD.<\/li>\r\n<li>Haider Saleh Al Haider & Partner Co.<\/li>\r\n<li>The Masoud Baleid Foundation, Haider Al Haider<\/li>\r\n<li>Al Arrab Contracting Company<\/li>\r\n<li>Al Fozan Holding Company<\/li>\r\n<li>Al Bawani Co.<\/li>\r\n<li>Technical Development Company for Contracting<\/li>\r\n<li>Y\u00dcKSEL \u0130N\u015eAAT SAUDIA CO. LTD.<\/li>\r\n<li>Saudi Pan Kingdom for Trad.,Indus. & Cont.<\/li>\r\n<li>Al Fajr Company<\/li>\r\n<li>SETCO Company.<\/li>\r\n\r\n<\/ul>\r\n<\/div>\r\n<div class=\"projects\">\r\n<h3>KEY PROJECTS<\/h3>\r\n<ul>\r\n<li>NEOM-Quay Wall, Marina Rock Lining & Electrical & Mechanical Systems<\/li>\r\n<li>Construction of NEOM Expansion-2<\/li>\r\n<li>Construction of NEOM Temporary Roads\r\n<\/li>\r\n<li>Main Piling Frameworks Project<\/li>\r\n<li>Fencing 35-20-515-1546.13Project<\/li>\r\n<li>Construction of NEOM Temporary Roads<\/li>\r\n<li>NEOM Airport<\/li>\r\n<li>NEOM Consultants Office at Neom Community<\/li>\r\n<li>NEOM Logistics Park Landscape<\/li>\r\n<li>Beneficiation Plant<\/li>\r\n<li>UMM WU\u2019AL Phosphate Project<\/li>\r\n<li>UMM WU\u2019AL Phosphate Project<\/li>\r\n<li>Integrated Solar Combined Cycle (ISCC) - TURAIF<\/li>\r\n<li>Construction of transmission line ARAR-RAFHA-TABUK<\/li>\r\n<li>Construction of transmission line-ARAR-TURAIF<\/li>\r\n<li><\/li>\r\n<li>SOLAR ENERGY -DUMAH AL JANDAL<\/li>\r\n<li>Water treatment plant design for SKAKAto TOURAIF<\/li>\r\n<li>Construction of water networks for ARAR<\/li>\r\n<li>Construction of water tanks for ARARand SKAKA <\/li>\r\n<li>Locations (ARAR, SKAKA, TABUK, RAFHA)<\/li>\r\n<li>AL JOUF Airport Projects<\/li>\r\n<li>TOURAIF Airport Projects<\/li>\r\n<li>ARAR Airport Projects<\/li>\r\n<li>TABUK Airport Projects<\/li>\r\n<li>WAAD AL SHAMAL Infrastructure Projects<\/li>\r\n<li>SKAKA Infrastructure and buildings Projects<\/li>\r\n<li>SKAKA Infrastructure and buildings Projects<\/li>\r\n<\/ul>\r\n<\/div>\r\n\r\n<\/div>\t\t\t\t<\/div>\n\t\t\t\t\t<\/div>\n\t\t<\/div>\n\t\t\t\t\t<\/div>\n\t\t<\/section>\n\t\t\t\t<\/div>\n\t\t","protected":false},"excerpt":{"rendered":"<p>Key Projects Completed CONTRACTOR Rawabi Specialized Contracting Tamimi Global Co. M.M. Al-Harbi &#038; Partners Co. Al-Ayuni Investment &#038; Contracting Co. Al-Ayuni Investment &#038; Contracting Co. Al-Ayuni Investment &#038; Contracting Co. Multi Works Co. Ltd. Saudi Amana Contracting Co. AL Yamama Co. Cape RB Hilton China Huanqui Cont. &#038; Eng. Corp. (HQC) HQC-NFCB Gulf Consilated Contractors&#8230;<\/p>\n","protected":false},"author":1,"featured_media":0,"parent":0,"menu_order":0,"comment_status":"closed","ping_status":"closed","template":"","meta":{"footnotes":""},"class_list":["post-988111","page","type-page","status-publish","hentry"],"_links":{"self":[{"href":"https:\/\/almohileb.net\/eng\/wp-json\/wp\/v2\/pages\/988111","targetHints":{"allow":["GET"]}}],"collection":[{"href":"https:\/\/almohileb.net\/eng\/wp-json\/wp\/v2\/pages"}],"about":[{"href":"https:\/\/almohileb.net\/eng\/wp-json\/wp\/v2\/types\/page"}],"author":[{"embeddable":true,"href":"https:\/\/almohileb.net\/eng\/wp-json\/wp\/v2\/users\/1"}],"replies":[{"embeddable":true,"href":"https:\/\/almohileb.net\/eng\/wp-json\/wp\/v2\/comments?post=988111"}],"version-history":[{"count":46,"href":"https:\/\/almohileb.net\/eng\/wp-json\/wp\/v2\/pages\/988111\/revisions"}],"predecessor-version":[{"id":988321,"href":"https:\/\/almohileb.net\/eng\/wp-json\/wp\/v2\/pages\/988111\/revisions\/988321"}],"wp:attachment":[{"href":"https:\/\/almohileb.net\/eng\/wp-json\/wp\/v2\/media?parent=988111"}],"curies":[{"name":"wp","href":"https:\/\/api.w.org\/{rel}","templated":true}]}}